{"id":3,"date":"2024-10-27T19:06:38","date_gmt":"2024-10-27T19:06:38","guid":{"rendered":"http:\/\/www.bykadin.com\/?page_id=3"},"modified":"2026-04-04T22:47:03","modified_gmt":"2026-04-04T22:47:03","slug":"privacy-policy","status":"publish","type":"page","link":"https:\/\/www.bykadin.com\/index.php\/privacy-policy\/","title":{"rendered":"Gizlilik politikas\u0131"},"content":{"rendered":"\r\n<h2 class=\"selectable-text copyable-text x15bjb6t x1n2onr6 wp-block-heading\"><span class=\"selectable-text copyable-text xkrh14z\">Biz kimiz?<\/span><\/h2>\r\n<p class=\"selectable-text copyable-text x15bjb6t x1n2onr6\"><span class=\"selectable-text copyable-text xkrh14z\">\u00d6nerilen metin: Web sitemizin adresi: <\/span><strong><span class=\"selectable-text copyable-text xkrh14z\">http:\/\/www.bykadin.com<\/span><\/strong><\/p>\r\n<h3 class=\"selectable-text copyable-text x15bjb6t x1n2onr6\"><span class=\"selectable-text copyable-text xkrh14z\">Yorumlar<\/span><\/h3>\r\n<p class=\"selectable-text copyable-text x15bjb6t x1n2onr6\"><span class=\"selectable-text copyable-text xkrh14z\">\u00d6nerilen metin: Ziyaret\u00e7iler sitede yorum b\u0131rakt\u0131\u011f\u0131nda, yorum formunda g\u00f6sterilen verileri ve ayr\u0131ca spam tespitine yard\u0131mc\u0131 olmak i\u00e7in ziyaret\u00e7inin IP adresini ve taray\u0131c\u0131 kullan\u0131c\u0131 arac\u0131s\u0131 dizesini toplar\u0131z.<\/span><\/p>\r\n<p class=\"selectable-text copyable-text x15bjb6t x1n2onr6\"><span class=\"selectable-text copyable-text xkrh14z\">E-posta adresinizden olu\u015fturulan anonimle\u015ftirilmi\u015f bir dize (hash olarak da adland\u0131r\u0131l\u0131r), Gravatar hizmetini kullan\u0131p kullanmad\u0131\u011f\u0131n\u0131z\u0131 g\u00f6rmek i\u00e7in sa\u011flanabilir. Gravatar hizmetinin gizlilik politikas\u0131na \u015fu adresten ula\u015fabilirsiniz: <\/span><span class=\"selectable-text copyable-text xkrh14z\">https:\/\/automattic.com\/privacy\/<\/span><span class=\"selectable-text copyable-text xkrh14z\">. Yorumunuz onayland\u0131ktan sonra, profil resminiz yorumunuz ba\u011flam\u0131nda herkes taraf\u0131ndan g\u00f6r\u00fclebilir.<\/span><\/p>\r\n<h3 class=\"selectable-text copyable-text x15bjb6t x1n2onr6\"><span class=\"selectable-text copyable-text xkrh14z\">Medya<\/span><\/h3>\r\n<p class=\"selectable-text copyable-text x15bjb6t x1n2onr6\"><span class=\"selectable-text copyable-text xkrh14z\">\u00d6nerilen metin: Web sitesine g\u00f6rsel y\u00fcklerseniz, g\u00f6m\u00fcl\u00fc konum verileri (EXIF GPS) i\u00e7eren g\u00f6rseller y\u00fcklemekten ka\u00e7\u0131nmal\u0131s\u0131n\u0131z. Web sitesi ziyaret\u00e7ileri, web sitesindeki g\u00f6rsellerden konum verilerini indirip \u00e7\u0131karabilirler.<\/span><\/p>\r\n<h3 class=\"selectable-text copyable-text x15bjb6t x1n2onr6\"><span class=\"selectable-text copyable-text xkrh14z\">\u00c7erezler<\/span><\/h3>\r\n<p class=\"selectable-text copyable-text x15bjb6t x1n2onr6\"><span class=\"selectable-text copyable-text xkrh14z\">\u00d6nerilen metin: Sitemizde bir yorum b\u0131rak\u0131rsan\u0131z, ad\u0131n\u0131z\u0131, e-posta adresinizi ve web sitenizi \u00e7erezlere kaydetmeyi se\u00e7ebilirsiniz. Bunlar, ba\u015fka bir yorum b\u0131rakt\u0131\u011f\u0131n\u0131zda bilgilerinizi tekrar girmenize gerek kalmamas\u0131 i\u00e7in kolayl\u0131k sa\u011flamak amac\u0131yla olu\u015fturulmu\u015ftur. Bu \u00e7erezler bir y\u0131l s\u00fcreyle saklan\u0131r.<\/span><\/p>\r\n<p class=\"selectable-text copyable-text x15bjb6t x1n2onr6\"><span class=\"selectable-text copyable-text xkrh14z\">Giri\u015f sayfam\u0131z\u0131 ziyaret ederseniz, taray\u0131c\u0131n\u0131z\u0131n \u00e7erezleri kabul edip etmedi\u011fini belirlemek i\u00e7in ge\u00e7ici bir \u00e7erez ayarlar\u0131z. Bu \u00e7erez hi\u00e7bir ki\u015fisel veri i\u00e7ermez ve taray\u0131c\u0131n\u0131z\u0131 kapatt\u0131\u011f\u0131n\u0131zda silinir.<\/span><\/p>\r\n<p class=\"selectable-text copyable-text x15bjb6t x1n2onr6\"><span class=\"selectable-text copyable-text xkrh14z\">Giri\u015f yapt\u0131\u011f\u0131n\u0131zda, giri\u015f bilgilerinizi ve ekran g\u00f6r\u00fcnt\u00fcleme tercihlerinizi kaydetmek i\u00e7in birka\u00e7 \u00e7erez de ayarlar\u0131z. Giri\u015f \u00e7erezleri iki g\u00fcn, ekran se\u00e7enekleri \u00e7erezleri ise bir y\u0131l s\u00fcreyle saklan\u0131r. &#8220;Beni Hat\u0131rla&#8221;y\u0131 se\u00e7erseniz, giri\u015f bilgileriniz iki hafta boyunca saklan\u0131r. Hesab\u0131n\u0131zdan \u00e7\u0131k\u0131\u015f yaparsan\u0131z, giri\u015f \u00e7erezleri kald\u0131r\u0131l\u0131r.<\/span><\/p>\r\n<p class=\"selectable-text copyable-text x15bjb6t x1n2onr6\"><span class=\"selectable-text copyable-text xkrh14z\">Bir makaleyi d\u00fczenler veya yay\u0131nlarsan\u0131z, taray\u0131c\u0131n\u0131za ek bir \u00e7erez kaydedilir. Bu \u00e7erez hi\u00e7bir ki\u015fisel veri i\u00e7ermez ve yaln\u0131zca d\u00fczenledi\u011finiz makalenin g\u00f6nderi kimli\u011fini g\u00f6sterir. 1 g\u00fcn sonra sona erer.<\/span><\/p>\r\n\r\n\r\n\r\n<h3 class=\"selectable-text copyable-text x15bjb6t x1n2onr6 wp-block-heading\"><span class=\"selectable-text copyable-text xkrh14z\">Di\u011fer web sitelerinden g\u00f6m\u00fcl\u00fc i\u00e7erik<\/span><\/h3>\r\n<p class=\"selectable-text copyable-text x15bjb6t x1n2onr6\"><span class=\"selectable-text copyable-text xkrh14z\">\u00d6nerilen metin: Bu sitedeki makaleler g\u00f6m\u00fcl\u00fc i\u00e7erik (\u00f6rne\u011fin videolar, resimler, makaleler vb.) i\u00e7erebilir. Di\u011fer web sitelerinden g\u00f6m\u00fcl\u00fc i\u00e7erik, ziyaret\u00e7inin di\u011fer web sitesini ziyaret etmi\u015f gibi davran\u0131r.<\/span><\/p>\r\n<p class=\"selectable-text copyable-text x15bjb6t x1n2onr6\"><span class=\"selectable-text copyable-text xkrh14z\">Bu web siteleri, hakk\u0131n\u0131zda veri toplayabilir, \u00e7erez kullanabilir, ek \u00fc\u00e7\u00fcnc\u00fc taraf izlemeleri yerle\u015ftirebilir ve g\u00f6m\u00fcl\u00fc i\u00e7erikle etkile\u015fiminizi izleyebilir. Bu izleme, bir hesab\u0131n\u0131z varsa ve s\u00f6z konusu web sitesinde oturum a\u00e7t\u0131ysan\u0131z g\u00f6m\u00fcl\u00fc i\u00e7erikle etkile\u015fiminizi izlemeyi de i\u00e7erir.<\/span><\/p>\r\n<h3 class=\"selectable-text copyable-text x15bjb6t x1n2onr6\"><span class=\"selectable-text copyable-text xkrh14z\">Verilerinizi kimlerle payla\u015f\u0131yoruz?<\/span><\/h3>\r\n<p class=\"selectable-text copyable-text x15bjb6t x1n2onr6\"><span class=\"selectable-text copyable-text xkrh14z\">\u00d6nerilen metin: Parola s\u0131f\u0131rlama talebinde bulunursan\u0131z, IP adresiniz s\u0131f\u0131rlama e-postas\u0131na eklenecektir.<\/span><\/p>\r\n<h3 class=\"selectable-text copyable-text x15bjb6t x1n2onr6\"><span class=\"selectable-text copyable-text xkrh14z\">Verilerinizi ne kadar s\u00fcreyle sakl\u0131yoruz?<\/span><\/h3>\r\n<p class=\"selectable-text copyable-text x15bjb6t x1n2onr6\"><span class=\"selectable-text copyable-text xkrh14z\">\u00d6nerilen metin: Bir yorum b\u0131rak\u0131rsan\u0131z, yorum ve meta verileri s\u00fcresiz olarak saklan\u0131r. Bu, takip eden yorumlar\u0131 bir denetim kuyru\u011funda tutmak yerine otomatik olarak tan\u0131y\u0131p onaylayabilmemiz i\u00e7indir.<\/span><\/p>\r\n<p class=\"selectable-text copyable-text x15bjb6t x1n2onr6\"><span class=\"selectable-text copyable-text xkrh14z\">Web sitemize kaydolan kullan\u0131c\u0131lar i\u00e7in (varsa), kullan\u0131c\u0131 profillerinde sa\u011flad\u0131klar\u0131 ki\u015fisel bilgileri de saklar\u0131z. T\u00fcm kullan\u0131c\u0131lar ki\u015fisel bilgilerini istedikleri zaman g\u00f6rebilir, d\u00fczenleyebilir veya silebilir (kullan\u0131c\u0131 adlar\u0131n\u0131 de\u011fi\u015ftiremezler). Web sitesi y\u00f6neticileri de bu bilgileri g\u00f6rebilir ve d\u00fczenleyebilir.<\/span><\/p>\r\n<h3 class=\"selectable-text copyable-text x15bjb6t x1n2onr6\"><span class=\"selectable-text copyable-text xkrh14z\">Verileriniz \u00fczerindeki haklar\u0131n\u0131z nelerdir?<\/span><\/h3>\r\n<p class=\"selectable-text copyable-text x15bjb6t x1n2onr6\"><span class=\"selectable-text copyable-text xkrh14z\">\u00d6nerilen metin: Bu sitede bir hesab\u0131n\u0131z varsa veya yorum b\u0131rakt\u0131ysan\u0131z, bize sa\u011flad\u0131\u011f\u0131n\u0131z veriler de dahil olmak \u00fczere hakk\u0131n\u0131zda tuttu\u011fumuz ki\u015fisel verilerin d\u0131\u015fa aktar\u0131lm\u0131\u015f bir dosyas\u0131n\u0131 talep edebilirsiniz. Ayr\u0131ca hakk\u0131n\u0131zda tuttu\u011fumuz t\u00fcm ki\u015fisel verileri silmemizi de talep edebilirsiniz. Bu, idari, yasal veya g\u00fcvenlik ama\u00e7lar\u0131yla saklamak zorunda oldu\u011fumuz hi\u00e7bir veriyi i\u00e7ermez.<\/span><\/p>\r\n<h3 class=\"selectable-text copyable-text x15bjb6t x1n2onr6\"><span class=\"selectable-text copyable-text xkrh14z\">Verilerinizin g\u00f6nderildi\u011fi yer<\/span><\/h3>\r\n<p class=\"selectable-text copyable-text x15bjb6t x1n2onr6\"><span class=\"selectable-text copyable-text xkrh14z\">\u00d6nerilen metin: Ziyaret\u00e7i yorumlar\u0131 otomatik spam alg\u0131lama hizmeti arac\u0131l\u0131\u011f\u0131yla kontrol edilebilir.<\/span><\/p>\r\n<p>&nbsp;<\/p>\r\n<p>&nbsp;<\/p>\r\n\r\n\r\n\r\n<p>&nbsp;<\/p>\r\n\r\n\r\n\r\n<p>&nbsp;<\/p>\r\n\r\n<p>&nbsp;<\/p>","protected":false},"excerpt":{"rendered":"<p>Biz kimiz? \u00d6nerilen metin: Web sitemizin adresi: http:\/\/www.bykadin.com Yorumlar \u00d6nerilen metin: Ziyaret\u00e7iler sitede yorum b\u0131rakt\u0131\u011f\u0131nda, yorum formunda g\u00f6sterilen verileri ve ayr\u0131ca spam tespitine yard\u0131mc\u0131 olmak i\u00e7in ziyaret\u00e7inin IP adresini ve taray\u0131c\u0131 kullan\u0131c\u0131 arac\u0131s\u0131 dizesini toplar\u0131z. E-posta adresinizden olu\u015fturulan anonimle\u015ftirilmi\u015f bir dize (hash olarak da adland\u0131r\u0131l\u0131r), Gravatar hizmetini kullan\u0131p kullanmad\u0131\u011f\u0131n\u0131z\u0131 g\u00f6rmek i\u00e7in sa\u011flanabilir. Gravatar hizmetinin gizlilik [&hellip;]<\/p>\n","protected":false},"author":1,"featured_media":0,"parent":0,"menu_order":0,"comment_status":"closed","ping_status":"open","template":"","meta":{"tdm_status":"","tdm_grid_status":"","footnotes":""},"class_list":["post-3","page","type-page","status-publish"],"yoast_head":"<!-- This site is optimized with the Yoast SEO plugin v27.4 - https:\/\/yoast.com\/product\/yoast-seo-wordpress\/ -->\n<title>Gizlilik politikas\u0131 - Ya\u015fam\u0131n i&ccedil;inden...<\/title>\n<meta name=\"robots\" content=\"index, follow, max-snippet:-1, max-image-preview:large, max-video-preview:-1\" \/>\n<link rel=\"canonical\" href=\"https:\/\/www.bykadin.com\/index.php\/privacy-policy\/\" \/>\n<meta property=\"og:locale\" content=\"tr_TR\" \/>\n<meta property=\"og:type\" content=\"article\" \/>\n<meta property=\"og:title\" content=\"Gizlilik politikas\u0131 - Ya\u015fam\u0131n i&ccedil;inden...\" \/>\n<meta property=\"og:description\" content=\"Biz kimiz? \u00d6nerilen metin: Web sitemizin adresi: http:\/\/www.bykadin.com Yorumlar \u00d6nerilen metin: Ziyaret\u00e7iler sitede yorum b\u0131rakt\u0131\u011f\u0131nda, yorum formunda g\u00f6sterilen verileri ve ayr\u0131ca spam tespitine yard\u0131mc\u0131 olmak i\u00e7in ziyaret\u00e7inin IP adresini ve taray\u0131c\u0131 kullan\u0131c\u0131 arac\u0131s\u0131 dizesini toplar\u0131z. E-posta adresinizden olu\u015fturulan anonimle\u015ftirilmi\u015f bir dize (hash olarak da adland\u0131r\u0131l\u0131r), Gravatar hizmetini kullan\u0131p kullanmad\u0131\u011f\u0131n\u0131z\u0131 g\u00f6rmek i\u00e7in sa\u011flanabilir. Gravatar hizmetinin gizlilik [&hellip;]\" \/>\n<meta property=\"og:url\" content=\"https:\/\/www.bykadin.com\/index.php\/privacy-policy\/\" \/>\n<meta property=\"og:site_name\" content=\"Ya\u015fam\u0131n i&ccedil;inden...\" \/>\n<meta property=\"article:modified_time\" content=\"2026-04-04T22:47:03+00:00\" \/>\n<meta name=\"twitter:card\" content=\"summary_large_image\" \/>\n<meta name=\"twitter:label1\" content=\"Tahmini okuma s\u00fcresi\" \/>\n\t<meta name=\"twitter:data1\" content=\"3 dakika\" \/>\n<script type=\"application\/ld+json\" class=\"yoast-schema-graph\">{\"@context\":\"https:\\\/\\\/schema.org\",\"@graph\":[{\"@type\":\"WebPage\",\"@id\":\"https:\\\/\\\/www.bykadin.com\\\/index.php\\\/privacy-policy\\\/\",\"url\":\"https:\\\/\\\/www.bykadin.com\\\/index.php\\\/privacy-policy\\\/\",\"name\":\"Gizlilik politikas\u0131 - Ya\u015fam\u0131n i&ccedil;inden...\",\"isPartOf\":{\"@id\":\"https:\\\/\\\/www.bykadin.com\\\/#website\"},\"datePublished\":\"2024-10-27T19:06:38+00:00\",\"dateModified\":\"2026-04-04T22:47:03+00:00\",\"breadcrumb\":{\"@id\":\"https:\\\/\\\/www.bykadin.com\\\/index.php\\\/privacy-policy\\\/#breadcrumb\"},\"inLanguage\":\"tr\",\"potentialAction\":[{\"@type\":\"ReadAction\",\"target\":[\"https:\\\/\\\/www.bykadin.com\\\/index.php\\\/privacy-policy\\\/\"]}]},{\"@type\":\"BreadcrumbList\",\"@id\":\"https:\\\/\\\/www.bykadin.com\\\/index.php\\\/privacy-policy\\\/#breadcrumb\",\"itemListElement\":[{\"@type\":\"ListItem\",\"position\":1,\"name\":\"Anasayfa\",\"item\":\"https:\\\/\\\/www.bykadin.com\\\/\"},{\"@type\":\"ListItem\",\"position\":2,\"name\":\"Gizlilik politikas\u0131\"}]},{\"@type\":\"WebSite\",\"@id\":\"https:\\\/\\\/www.bykadin.com\\\/#website\",\"url\":\"https:\\\/\\\/www.bykadin.com\\\/\",\"name\":\"bykadin.com\",\"description\":\"Magazin ve ya\u015famdan kesitler\",\"publisher\":{\"@id\":\"https:\\\/\\\/www.bykadin.com\\\/#organization\"},\"potentialAction\":[{\"@type\":\"SearchAction\",\"target\":{\"@type\":\"EntryPoint\",\"urlTemplate\":\"https:\\\/\\\/www.bykadin.com\\\/?s={search_term_string}\"},\"query-input\":{\"@type\":\"PropertyValueSpecification\",\"valueRequired\":true,\"valueName\":\"search_term_string\"}}],\"inLanguage\":\"tr\"},{\"@type\":\"Organization\",\"@id\":\"https:\\\/\\\/www.bykadin.com\\\/#organization\",\"name\":\"bymedya\",\"url\":\"https:\\\/\\\/www.bykadin.com\\\/\",\"logo\":{\"@type\":\"ImageObject\",\"inLanguage\":\"tr\",\"@id\":\"https:\\\/\\\/www.bykadin.com\\\/#\\\/schema\\\/logo\\\/image\\\/\",\"url\":\"https:\\\/\\\/www.bykadin.com\\\/wp-content\\\/uploads\\\/2026\\\/04\\\/IMG_4089.png\",\"contentUrl\":\"https:\\\/\\\/www.bykadin.com\\\/wp-content\\\/uploads\\\/2026\\\/04\\\/IMG_4089.png\",\"width\":1080,\"height\":1350,\"caption\":\"bymedya\"},\"image\":{\"@id\":\"https:\\\/\\\/www.bykadin.com\\\/#\\\/schema\\\/logo\\\/image\\\/\"},\"sameAs\":[\"https:\\\/\\\/www.instagram.com\\\/by_protokol_dergisi\\\/\"]}]}<\/script>\n<!-- \/ Yoast SEO plugin. -->","yoast_head_json":{"title":"Gizlilik politikas\u0131 - Ya\u015fam\u0131n i&ccedil;inden...","robots":{"index":"index","follow":"follow","max-snippet":"max-snippet:-1","max-image-preview":"max-image-preview:large","max-video-preview":"max-video-preview:-1"},"canonical":"https:\/\/www.bykadin.com\/index.php\/privacy-policy\/","og_locale":"tr_TR","og_type":"article","og_title":"Gizlilik politikas\u0131 - Ya\u015fam\u0131n i&ccedil;inden...","og_description":"Biz kimiz? \u00d6nerilen metin: Web sitemizin adresi: http:\/\/www.bykadin.com Yorumlar \u00d6nerilen metin: Ziyaret\u00e7iler sitede yorum b\u0131rakt\u0131\u011f\u0131nda, yorum formunda g\u00f6sterilen verileri ve ayr\u0131ca spam tespitine yard\u0131mc\u0131 olmak i\u00e7in ziyaret\u00e7inin IP adresini ve taray\u0131c\u0131 kullan\u0131c\u0131 arac\u0131s\u0131 dizesini toplar\u0131z. E-posta adresinizden olu\u015fturulan anonimle\u015ftirilmi\u015f bir dize (hash olarak da adland\u0131r\u0131l\u0131r), Gravatar hizmetini kullan\u0131p kullanmad\u0131\u011f\u0131n\u0131z\u0131 g\u00f6rmek i\u00e7in sa\u011flanabilir. Gravatar hizmetinin gizlilik [&hellip;]","og_url":"https:\/\/www.bykadin.com\/index.php\/privacy-policy\/","og_site_name":"Ya\u015fam\u0131n i&ccedil;inden...","article_modified_time":"2026-04-04T22:47:03+00:00","twitter_card":"summary_large_image","twitter_misc":{"Tahmini okuma s\u00fcresi":"3 dakika"},"schema":{"@context":"https:\/\/schema.org","@graph":[{"@type":"WebPage","@id":"https:\/\/www.bykadin.com\/index.php\/privacy-policy\/","url":"https:\/\/www.bykadin.com\/index.php\/privacy-policy\/","name":"Gizlilik politikas\u0131 - Ya\u015fam\u0131n i&ccedil;inden...","isPartOf":{"@id":"https:\/\/www.bykadin.com\/#website"},"datePublished":"2024-10-27T19:06:38+00:00","dateModified":"2026-04-04T22:47:03+00:00","breadcrumb":{"@id":"https:\/\/www.bykadin.com\/index.php\/privacy-policy\/#breadcrumb"},"inLanguage":"tr","potentialAction":[{"@type":"ReadAction","target":["https:\/\/www.bykadin.com\/index.php\/privacy-policy\/"]}]},{"@type":"BreadcrumbList","@id":"https:\/\/www.bykadin.com\/index.php\/privacy-policy\/#breadcrumb","itemListElement":[{"@type":"ListItem","position":1,"name":"Anasayfa","item":"https:\/\/www.bykadin.com\/"},{"@type":"ListItem","position":2,"name":"Gizlilik politikas\u0131"}]},{"@type":"WebSite","@id":"https:\/\/www.bykadin.com\/#website","url":"https:\/\/www.bykadin.com\/","name":"bykadin.com","description":"Magazin ve ya\u015famdan kesitler","publisher":{"@id":"https:\/\/www.bykadin.com\/#organization"},"potentialAction":[{"@type":"SearchAction","target":{"@type":"EntryPoint","urlTemplate":"https:\/\/www.bykadin.com\/?s={search_term_string}"},"query-input":{"@type":"PropertyValueSpecification","valueRequired":true,"valueName":"search_term_string"}}],"inLanguage":"tr"},{"@type":"Organization","@id":"https:\/\/www.bykadin.com\/#organization","name":"bymedya","url":"https:\/\/www.bykadin.com\/","logo":{"@type":"ImageObject","inLanguage":"tr","@id":"https:\/\/www.bykadin.com\/#\/schema\/logo\/image\/","url":"https:\/\/www.bykadin.com\/wp-content\/uploads\/2026\/04\/IMG_4089.png","contentUrl":"https:\/\/www.bykadin.com\/wp-content\/uploads\/2026\/04\/IMG_4089.png","width":1080,"height":1350,"caption":"bymedya"},"image":{"@id":"https:\/\/www.bykadin.com\/#\/schema\/logo\/image\/"},"sameAs":["https:\/\/www.instagram.com\/by_protokol_dergisi\/"]}]}},"amp_enabled":false,"_links":{"self":[{"href":"https:\/\/www.bykadin.com\/index.php\/wp-json\/wp\/v2\/pages\/3","targetHints":{"allow":["GET"]}}],"collection":[{"href":"https:\/\/www.bykadin.com\/index.php\/wp-json\/wp\/v2\/pages"}],"about":[{"href":"https:\/\/www.bykadin.com\/index.php\/wp-json\/wp\/v2\/types\/page"}],"author":[{"embeddable":true,"href":"https:\/\/www.bykadin.com\/index.php\/wp-json\/wp\/v2\/users\/1"}],"replies":[{"embeddable":true,"href":"https:\/\/www.bykadin.com\/index.php\/wp-json\/wp\/v2\/comments?post=3"}],"version-history":[{"count":1,"href":"https:\/\/www.bykadin.com\/index.php\/wp-json\/wp\/v2\/pages\/3\/revisions"}],"predecessor-version":[{"id":507,"href":"https:\/\/www.bykadin.com\/index.php\/wp-json\/wp\/v2\/pages\/3\/revisions\/507"}],"wp:attachment":[{"href":"https:\/\/www.bykadin.com\/index.php\/wp-json\/wp\/v2\/media?parent=3"}],"curies":[{"name":"wp","href":"https:\/\/api.w.org\/{rel}","templated":true}]}}